{"id":5196,"date":"2023-06-17T11:13:16","date_gmt":"2023-06-17T11:13:16","guid":{"rendered":"https:\/\/alkrealestate.com\/uslovi-koriscenja\/"},"modified":"2024-12-17T17:19:57","modified_gmt":"2024-12-17T17:19:57","slug":"uslovi-koriscenja","status":"publish","type":"page","link":"https:\/\/alkrealestate.com\/sr\/uslovi-koriscenja\/","title":{"rendered":"Uslovi kori\u0161\u0107enja"},"content":{"rendered":"\t\t<div data-elementor-type=\"wp-page\" data-elementor-id=\"5196\" class=\"elementor elementor-5196 elementor-2511\" data-elementor-post-type=\"page\">\n\t\t\t\t<div class=\"elementor-element elementor-element-0bcc6b4 e-flex e-con-boxed e-con e-parent\" data-id=\"0bcc6b4\" data-element_type=\"container\" data-e-type=\"container\" data-settings=\"{&quot;background_background&quot;:&quot;classic&quot;,&quot;jet_parallax_layout_list&quot;:[]}\">\n\t\t\t\t\t<div class=\"e-con-inner\">\n\t\t<div class=\"elementor-element elementor-element-8e2e55f e-con-full e-flex e-con e-child\" data-id=\"8e2e55f\" data-element_type=\"container\" data-e-type=\"container\" data-settings=\"{&quot;jet_parallax_layout_list&quot;:[],&quot;background_background&quot;:&quot;classic&quot;}\">\n\t\t\t\t<div class=\"elementor-element elementor-element-d5287c3 elementor-widget elementor-widget-text-editor\" data-id=\"d5287c3\" data-element_type=\"widget\" data-e-type=\"widget\" data-widget_type=\"text-editor.default\">\n\t\t\t\t<div class=\"elementor-widget-container\">\n\t\t\t\t\t\t\t\t\t<h2>OP\u0160TI USLOVI KORI\u0160\u0106ENJA VEB STRANICE<\/h2>\n<p>Hvala vam \u0161to pose\u0107ujete na\u0161u veb stranicu. Va\u0161 pristup i kori\u0161\u0107enje ove veb stranice (u daljem tekstu &#8222;veb stranica\/sajt&#8220;) podle\u017eu ovim uslovima kori\u0161\u0107enja i va\u017ee\u0107im zakonima koji reguli\u0161u ovu oblast.<\/p>\n<\/p>\n<p>Veb stranica www.alkrealestate.com je u vlasni\u0161tvu i pod upravom &#8222;ALK Nekretnine doo.&#8220; Pristupanjem i kori\u0161\u0107enjem veb stranice, bezuslovno prihvatate ove uslove kori\u0161\u0107enja. Kori\u0161\u0107enjem sajta ili, kada je to mogu\u0107e, potvr\u0111ivanjem da prihvatate ili se sla\u017eete sa Uslovima kori\u0161\u0107enja kada je ova opcija dostupna, potvr\u0111ujete da se sla\u017eete sa ovim Uslovima kori\u0161\u0107enja i na\u0161om politikom privatnosti, koja je uklju\u010dena u ove uslove kori\u0161\u0107enja putem reference. Ako ne prihvatate ove uslove kori\u0161\u0107enja ili politiku privatnosti, ne smete pristupiti ili koristiti sajt.<\/p>\n<\/p>\n<h3>VLASNI\u0160TVO SADR\u017dAJA<\/h3>\n<p>Veb stranica i svi tekstovi, logotipi, grafike, slike, video materijali i drugi materijali na ovoj veb stranici (u daljem tekstu &#8222;Sadr\u017eaj&#8220;) su autorska prava ili vlasni\u0161tvo &#8222;ALK Nekretnine doo&#8220; ili su objavljeni na veb stranici uz dozvolu vlasnika ili ovla\u0161\u0107enog nosioca prava. Kori\u0161\u0107enje sadr\u017eaja, osim kako je opisano u ovim uslovima kori\u0161\u0107enja, bez pismene dozvole vlasnika sadr\u017eaja je strogo zabranjeno.<\/p>\n<\/p>\n<h3>KORI\u0160\u0106ENJE VEB STRANICE<\/h3>\n<p>Sadr\u017eaj veb stranice mo\u017ee sadr\u017eati neta\u010dne informacije ili tipografske gre\u0161ke. Promene na veb stranici mogu biti napravljene periodi\u010dno, u bilo kom trenutku i bez najave. Me\u0111utim, &#8222;ALK Nekretnine doo&#8220; nije u obavezi da redovno a\u017eurira informacije sadr\u017eane na ovoj veb stranici. Me\u0111utim, &#8222;ALK Nekretnine doo&#8220; nije u obavezi da redovno a\u017eurira informacije sadr\u017eane na ovoj veb stranici. Pored toga, &#8222;ALK Nekretnine doo&#8220; ne garantuje da \u0107e veb stranica funkcionisati bez prekida ili gre\u0161aka, da \u0107e nedostaci biti blagovremeno ispravljeni ili da je veb stranica kompatibilna sa va\u0161im hardverom ili softverom.<\/p>\n<\/p>\n<p>Saglasni ste da ne\u0107ete:<\/p>\n<\/p>\n<ul>\n<li>Koristiti sajt na bilo koji na\u010din koji bi mogao onemogu\u0107iti, preopteretiti, o\u0161tetiti ili ugroziti sajt ili ometati sposobnost bilo koje druge strane da u\u010destvuje u aktivnostima u realnom vremenu putem sajta;<\/li>\n<li>Koristiti robote, pauke ili druge automatske ure\u0111aje, metode ili sredstva za pristup sajtu u bilo koje svrhe, uklju\u010duju\u0107i pra\u0107enje i kopiranje bilo kojeg materijala na sajtu;<\/li>\n<li>Koristiti ru\u010dne procese za pra\u0107enje ili kopiranje materijala sa sajta ili za bilo koju drugu neovla\u0161\u0107enu svrhu bez na\u0161e prethodne pismene saglasnosti;<\/li>\n<li>Koristiti bilo koji ure\u0111aj, softver ili metodu koja ometa pravilno funkcionisanje sajta;<\/li>\n<li>Uvoditi viruse, Trojanske malvere, crve, logi\u010dke bombe ili druge materijale koji su zlonamerni ili tehnolo\u0161ki \u0161tetni;<\/li>\n<li>Poku\u0161ati da ostvarite neovla\u0161\u0107en pristup, ometate, o\u0161tetite ili poremetite bilo koji deo sajta, servera na kojem je sajt sme\u0161ten ili bilo kojeg servera, ra\u010dunara ili baze podataka povezane sa sajtom;<\/li>\n<li>Napadati sajt putem napada uskra\u0107ivanja usluge (denial-of-service attack) ili distribuiranog napada uskra\u0107ivanja usluge (distributed denial-of-service attack);<\/li>\n<li>Na bilo koji drugi na\u010din poku\u0161avati da onemogu\u0107ite pravilno funkcionisanje Sajta.<\/li>\n<\/ul>\n<h3>OSLANJANJE NA OBJAVLJENE INFORMACIJE<\/h3>\n<p>Informacije predstavljene na sajtu ili dostupne putem njega su namenjene isklju\u010divo za op\u0161te informativne svrhe. Ne garantujemo ta\u010dnost, potpunost ili korisnost ovih informacija. Svako oslanjanje na takve informacije je isklju\u010divo na va\u0161u sopstvenu odgovornost. . Odbijamo svaku odgovornost i obavezu koja proizilazi iz bilo kojeg oslanjanja na takve materijale od strane vas ili bilo kojeg drugog posetioca sajta ili od strane bilo koga ko mo\u017ee biti obave\u0161ten o njegovom sadr\u017eaju.<\/p>\n<\/p>\n<h3>ODRICANJE OD ODGOVORNOSTI<\/h3>\n<p>Kori\u0161\u0107enje veb stranice je na va\u0161u sopstvenu odgovornost. . &#8222;ALK Nekretnine doo&#8220; nije odgovorna za bilo kakve materijalne ili nematerijalne \u0161tete, direktne ili indirektne, koje proizilaze iz kori\u0161\u0107enja ili u vezi sa kori\u0161\u0107enjem veb stranice ili njenog sadr\u017eaja.<\/p>\n\t\t\t\t\t\t\t\t<\/div>\n\t\t\t\t<\/div>\n\t\t\t\t<\/div>\n\t\t\t\t\t<\/div>\n\t\t\t\t<\/div>\n\t\t\t\t<\/div>\n\t\t","protected":false},"excerpt":{"rendered":"<p>OP\u0160TI USLOVI KORI\u0160\u0106ENJA VEB STRANICE Hvala vam \u0161to pose\u0107ujete na\u0161u veb stranicu. Va\u0161 pristup i kori\u0161\u0107enje ove veb stranice (u daljem tekstu &#8222;veb stranica\/sajt&#8220;) podle\u017eu ovim uslovima kori\u0161\u0107enja i va\u017ee\u0107im zakonima koji reguli\u0161u ovu oblast. Veb stranica www.alkrealestate.com je u vlasni\u0161tvu i pod upravom &#8222;ALK Nekretnine doo.&#8220; Pristupanjem i kori\u0161\u0107enjem veb stranice, bezuslovno prihvatate ove [&hellip;]<\/p>\n","protected":false},"author":16,"featured_media":0,"parent":0,"menu_order":0,"comment_status":"closed","ping_status":"closed","template":"","meta":{"footnotes":""},"class_list":["post-5196","page","type-page","status-publish","hentry"],"_links":{"self":[{"href":"https:\/\/alkrealestate.com\/sr\/wp-json\/wp\/v2\/pages\/5196","targetHints":{"allow":["GET"]}}],"collection":[{"href":"https:\/\/alkrealestate.com\/sr\/wp-json\/wp\/v2\/pages"}],"about":[{"href":"https:\/\/alkrealestate.com\/sr\/wp-json\/wp\/v2\/types\/page"}],"author":[{"embeddable":true,"href":"https:\/\/alkrealestate.com\/sr\/wp-json\/wp\/v2\/users\/16"}],"replies":[{"embeddable":true,"href":"https:\/\/alkrealestate.com\/sr\/wp-json\/wp\/v2\/comments?post=5196"}],"version-history":[{"count":1,"href":"https:\/\/alkrealestate.com\/sr\/wp-json\/wp\/v2\/pages\/5196\/revisions"}],"predecessor-version":[{"id":5197,"href":"https:\/\/alkrealestate.com\/sr\/wp-json\/wp\/v2\/pages\/5196\/revisions\/5197"}],"wp:attachment":[{"href":"https:\/\/alkrealestate.com\/sr\/wp-json\/wp\/v2\/media?parent=5196"}],"curies":[{"name":"wp","href":"https:\/\/api.w.org\/{rel}","templated":true}]}}