{"id":5194,"date":"2023-06-17T11:07:26","date_gmt":"2023-06-17T11:07:26","guid":{"rendered":"https:\/\/alkrealestate.com\/politika-privatnosti\/"},"modified":"2024-12-29T01:24:07","modified_gmt":"2024-12-29T01:24:07","slug":"politika-privatnosti","status":"publish","type":"page","link":"https:\/\/alkrealestate.com\/sr\/politika-privatnosti\/","title":{"rendered":"Politika Privatnosti"},"content":{"rendered":"\t\t<div data-elementor-type=\"wp-page\" data-elementor-id=\"5194\" class=\"elementor elementor-5194 elementor-2505\" data-elementor-post-type=\"page\">\n\t\t\t\t<div class=\"elementor-element elementor-element-3a5a51e e-flex e-con-boxed e-con e-parent\" data-id=\"3a5a51e\" data-element_type=\"container\" data-e-type=\"container\" data-settings=\"{&quot;background_background&quot;:&quot;classic&quot;,&quot;jet_parallax_layout_list&quot;:[]}\">\n\t\t\t\t\t<div class=\"e-con-inner\">\n\t\t<div class=\"elementor-element elementor-element-8f08575 e-con-full e-flex e-con e-child\" data-id=\"8f08575\" data-element_type=\"container\" data-e-type=\"container\" data-settings=\"{&quot;jet_parallax_layout_list&quot;:[],&quot;background_background&quot;:&quot;classic&quot;}\">\n\t\t\t\t<div class=\"elementor-element elementor-element-d6f6a8a elementor-widget elementor-widget-text-editor\" data-id=\"d6f6a8a\" data-element_type=\"widget\" data-e-type=\"widget\" data-widget_type=\"text-editor.default\">\n\t\t\t\t<div class=\"elementor-widget-container\">\n\t\t\t\t\t\t\t\t\t<h2>POLITIKA PRIVATNOSTI<\/h2>\n<p>Ova politika privatnosti ima za cilj da objasni koje informacije prikupljamo o vama i kako koristimo te informacije, kao i da vam pru\u017ei sve druge bitne informacije u vezi sa va\u0161im podacima. . Ova politika privatnosti dopunjuje uslove kori\u0161\u0107enja na ovoj veb stranici i menja ih u delu koji se odnosi na za\u0161titu li\u010dnih podataka, kako bi bila u skladu sa op\u0161tom uredbom o za\u0161titi podataka o li\u010dnosti (GDPR).<\/p>\n<h3>VLASNIK VEB STRANICE<\/h3>\n<p>Vlasnik ove veb stranice je \u201eALK Nekretnine doo, Beograd\u201c.<\/p>\n<h3>TIPOVI PODATAKA KOJE PRIKUPLJAMO<\/h3>\n<p>Prikupljamo slede\u0107e informacije o vama ako ste zainteresovani za prodaju, kupovinu ili iznajmljivanje nekretnina:<\/p>\n<p>Puno ime i prezime<\/p>\n<p>Naziv kompanije<\/p>\n<p>Email adresu<\/p>\n<p>Broj mobilnog telefona<\/p>\n<p>Sadr\u017eaj koji nam \u0161aljete putem formulara na veb stranici<\/p>\n<h3>SVRHA PRIKUPLJANJA I OBRADE PODATAKA<\/h3>\n<p>Va\u0161i li\u010dni podaci \u0107e biti prikupljeni kako bi se uspostavio kontakt sa vama u vezi sa va\u0161im interesovanjem za kupovinu, prodaju ili iznajmljivanje nekretnina, kao i da bi se razumeli va\u0161i zahtevi. Va\u0161i podaci \u0107e biti kori\u0161\u0107eni isklju\u010divo u gore navedene svrhe, osim ako zakonom nije druga\u010dije propisano.<\/p>\n<h3>KORI\u0160\u0106ENJE PODATAKA<\/h3>\n<p>Podaci koje nam pru\u017eite bi\u0107e kori\u0161\u0107eni za slede\u0107e svrhe: prikupljanje, evidentiranje, kopiranje, pretra\u017eivanje, sortiranje, skladi\u0161tenje, razvrstavanje, modifikovanje, kori\u0161\u0107enje, otkrivanje, organizovanje, \u010duvanje i prilago\u0111avanje prikupljenih podataka.<\/p>\n<h3>INFORMACIJE O PRIMAOCIMA PODATAKA<\/h3>\n<p>\u201eALK Nekretnine doo\u201c ne\u0107e deliti va\u0161e li\u010dne podatke sa tre\u0107im stranama, osim ako to nije propisano zakonom.<\/p>\n<h3>OBAVEZA I PRAVNI OSNOV ZA OBRADU PODATAKA<\/h3>\n<p>Pravni osnov za obradu podataka je va\u0161a saglasnost. Davanje saglasnosti za prikupljanje i obradu podataka je dobrovoljno i mo\u017ee biti povu\u010deno u bilo kom trenutku. U slu\u010daju povla\u010denja, obavezni ste da nadoknadite sve razumne tro\u0161kove i \u0161tetu nastalu usled povla\u010denja saglasnosti.<\/p>\n<h3>VA\u0160A PRAVA<\/h3>\n<p>U skladu sa zakonom, imate pravo da:<\/p>\n<p>Budete informisani o obradi podataka koji se odnose na vas<\/p>\n<p>Zatra\u017eite pristup podacima koji se odnose na vas, kao i kopiju tih podataka<\/p>\n<p>Zatra\u017eite ispravku, dopunu, a\u017euriranje ili brisanje va\u0161ih podataka<\/p>\n<p>Zatra\u017eite prestanak ili privremenu obustavu obrade va\u0161ih podataka<\/p>\n<h3>DRUGE INFORMACIJE RELEVANTNE ZA OBRADU PODATAKA<\/h3>\n<p>Va\u0161i podaci \u0107e biti obra\u0111eni i \u010duvani dok postoji potreba za tim, i bi\u0107e tretirani kao poverljive informacije. Pristup podacima bi\u0107e omogu\u0107en samo osobama koje, na osnovu opisa svojih radnih zadataka, moraju biti upoznate sa va\u0161im li\u010dnim podacima, i to samo u meri koja je neophodna za obavljanje njihovih du\u017enosti.<\/p>\n<h3>MERE ZA\u0160TITE<\/h3>\n<p>\u201eALK Nekretnine doo\u201c sprovodi odgovaraju\u0107e organizacione, tehni\u010dke i personalne mere za za\u0161titu va\u0161ih li\u010dnih podataka u skladu sa va\u017ee\u0107im zakonima o za\u0161titi podataka o li\u010dnosti i standardima bezbednosti u oblasti fizi\u010dke i elektronske za\u0161tite podataka.<\/p>\n<h3>SAGLASNOST<\/h3>\n<p>Potvr\u0111ujem da sam pro\u010ditao\/la i razumeo\/la ovu politiku privatnosti i dajem svoju saglasnost \u201eALK Nekretnine doo\u201c da obra\u0111uje moje li\u010dne podatke u skladu sa ovom politikom privatnosti i va\u017ee\u0107im zakonima i propisima.<\/p>\n\t\t\t\t\t\t\t\t<\/div>\n\t\t\t\t<\/div>\n\t\t\t\t<\/div>\n\t\t\t\t\t<\/div>\n\t\t\t\t<\/div>\n\t\t\t\t<\/div>\n\t\t","protected":false},"excerpt":{"rendered":"<p>POLITIKA PRIVATNOSTI Ova politika privatnosti ima za cilj da objasni koje informacije prikupljamo o vama i kako koristimo te informacije, kao i da vam pru\u017ei sve druge bitne informacije u vezi sa va\u0161im podacima. . Ova politika privatnosti dopunjuje uslove kori\u0161\u0107enja na ovoj veb stranici i menja ih u delu koji se odnosi na za\u0161titu [&hellip;]<\/p>\n","protected":false},"author":16,"featured_media":0,"parent":0,"menu_order":0,"comment_status":"closed","ping_status":"closed","template":"","meta":{"footnotes":""},"class_list":["post-5194","page","type-page","status-publish","hentry"],"_links":{"self":[{"href":"https:\/\/alkrealestate.com\/sr\/wp-json\/wp\/v2\/pages\/5194","targetHints":{"allow":["GET"]}}],"collection":[{"href":"https:\/\/alkrealestate.com\/sr\/wp-json\/wp\/v2\/pages"}],"about":[{"href":"https:\/\/alkrealestate.com\/sr\/wp-json\/wp\/v2\/types\/page"}],"author":[{"embeddable":true,"href":"https:\/\/alkrealestate.com\/sr\/wp-json\/wp\/v2\/users\/16"}],"replies":[{"embeddable":true,"href":"https:\/\/alkrealestate.com\/sr\/wp-json\/wp\/v2\/comments?post=5194"}],"version-history":[{"count":3,"href":"https:\/\/alkrealestate.com\/sr\/wp-json\/wp\/v2\/pages\/5194\/revisions"}],"predecessor-version":[{"id":8156,"href":"https:\/\/alkrealestate.com\/sr\/wp-json\/wp\/v2\/pages\/5194\/revisions\/8156"}],"wp:attachment":[{"href":"https:\/\/alkrealestate.com\/sr\/wp-json\/wp\/v2\/media?parent=5194"}],"curies":[{"name":"wp","href":"https:\/\/api.w.org\/{rel}","templated":true}]}}